{"id":42,"date":"2011-09-29T12:17:47","date_gmt":"2011-09-29T12:17:47","guid":{"rendered":"http:\/\/spvgg-goldkronach.com\/1946\/?page_id=42"},"modified":"2024-06-17T08:49:08","modified_gmt":"2024-06-17T06:49:08","slug":"die-spvgg","status":"publish","type":"page","link":"https:\/\/spvgg-goldkronach.com\/1946\/die-spvgg\/","title":{"rendered":"Die SpVgg"},"content":{"rendered":"<ul>\n<li><img loading=\"lazy\" decoding=\"async\" class=\"size-full wp-image-4823 alignright\" src=\"https:\/\/spvgg-goldkronach.com\/1946\/wp-content\/uploads\/2011\/09\/SpVgg_Goldkronach_250px.png\" alt=\"\" width=\"250\" height=\"250\" srcset=\"https:\/\/spvgg-goldkronach.com\/1946\/wp-content\/uploads\/2011\/09\/SpVgg_Goldkronach_250px.png 250w, https:\/\/spvgg-goldkronach.com\/1946\/wp-content\/uploads\/2011\/09\/SpVgg_Goldkronach_250px-150x150.png 150w\" sizes=\"auto, (max-width: 250px) 100vw, 250px\" \/>Nach dem Zweiten Weltkrieg wurde die Spielvereinigung am 17. M\u00e4rz 1946 <strong>wiedergegr\u00fcndet<\/strong>.<\/li>\n<\/ul>\n<ul>\n<li>Die SpVgg verwendet neben der <strong>Vereinsfarbe<\/strong> rot auch die Farben wei\u00df und gold (gelb) der Stadt Goldkronach sowie die Farbe schwarz ihres Vorg\u00e4ngervereins SV Vorw\u00e4rts Goldkronach.<\/li>\n<\/ul>\n<ul>\n<li>Aktuell besteht die SpVgg Goldkronach aus 556<strong> Mitgliedern<\/strong>.<\/li>\n<\/ul>\n<ul>\n<li>Im Verein gibt es die <strong>Sparten<\/strong> Fu\u00dfball, Karate, Turnen und Dart.<\/li>\n<\/ul>\n<ul>\n<li>Der <strong>Vereinsabend<\/strong> findet jeden Donnerstag im Sportheim statt.<\/li>\n<\/ul>\n<ul>\n<li>In folgenden <strong>Verb\u00e4nden<\/strong> ist die Spielvereinigung organisiert: Im Bayerischen Landessportverband (BLSV), im Bayerischen Fu\u00dfball-Verband (BFV) und im Bayerischen Karatebund (BKB).<\/li>\n<\/ul>\n<ul>\n<li>Die <strong>Postanschrift<\/strong> der SpVgg lautet: Weizb\u00fchl 42, 95497 Goldkronach.<\/li>\n<\/ul>\n<ul>\n<li>Die Fu\u00dfballabteilung (Herren, Jugend bis U11) bildet gemeinsam mit dem ASV Nemmersdorf den <strong>FC Fichtelgebirge<\/strong>.<\/li>\n<\/ul>\n<ul>\n<li>Die \u00e4lteren Jugendlichen (U13 bis U19) spielen gemeinsam mit dem TSV Bad Berneck, ASV Nemmersdorf, SV R\u00f6hrenhof und SV Weidenberg in der Jugendf\u00f6rdergemeinschaft <strong>JFG Fichtelgebirge<\/strong>.<\/li>\n<\/ul>\n","protected":false},"excerpt":{"rendered":"<p>Nach dem Zweiten Weltkrieg wurde die Spielvereinigung am 17. M\u00e4rz 1946 wiedergegr\u00fcndet. Die SpVgg verwendet neben der Vereinsfarbe rot auch die Farben wei\u00df und gold (gelb) der Stadt Goldkronach sowie die Farbe schwarz ihres Vorg\u00e4ngervereins SV Vorw\u00e4rts Goldkronach. Aktuell besteht die SpVgg Goldkronach aus 556 Mitgliedern. Im Verein gibt es die Sparten Fu\u00dfball, Karate, Turnen [&hellip;]<\/p>\n","protected":false},"author":1,"featured_media":0,"parent":0,"menu_order":0,"comment_status":"closed","ping_status":"closed","template":"","meta":{"footnotes":""},"class_list":["post-42","page","type-page","status-publish","hentry"],"_links":{"self":[{"href":"https:\/\/spvgg-goldkronach.com\/1946\/wp-json\/wp\/v2\/pages\/42","targetHints":{"allow":["GET"]}}],"collection":[{"href":"https:\/\/spvgg-goldkronach.com\/1946\/wp-json\/wp\/v2\/pages"}],"about":[{"href":"https:\/\/spvgg-goldkronach.com\/1946\/wp-json\/wp\/v2\/types\/page"}],"author":[{"embeddable":true,"href":"https:\/\/spvgg-goldkronach.com\/1946\/wp-json\/wp\/v2\/users\/1"}],"replies":[{"embeddable":true,"href":"https:\/\/spvgg-goldkronach.com\/1946\/wp-json\/wp\/v2\/comments?post=42"}],"version-history":[{"count":11,"href":"https:\/\/spvgg-goldkronach.com\/1946\/wp-json\/wp\/v2\/pages\/42\/revisions"}],"predecessor-version":[{"id":8031,"href":"https:\/\/spvgg-goldkronach.com\/1946\/wp-json\/wp\/v2\/pages\/42\/revisions\/8031"}],"wp:attachment":[{"href":"https:\/\/spvgg-goldkronach.com\/1946\/wp-json\/wp\/v2\/media?parent=42"}],"curies":[{"name":"wp","href":"https:\/\/api.w.org\/{rel}","templated":true}]}}