{"id":3540,"date":"2015-03-12T20:31:03","date_gmt":"2015-03-12T19:31:03","guid":{"rendered":"http:\/\/spvgg-goldkronach.com\/1946\/?page_id=3540"},"modified":"2017-02-18T17:03:52","modified_gmt":"2017-02-18T16:03:52","slug":"karate-unsere-trainer","status":"publish","type":"page","link":"https:\/\/spvgg-goldkronach.com\/1946\/karate-unsere-trainer\/","title":{"rendered":"Unsere Trainer"},"content":{"rendered":"<div id=\"attachment_5054\" style=\"width: 310px\" class=\"wp-caption alignright\"><a href=\"https:\/\/spvgg-goldkronach.com\/1946\/?attachment_id=5054\"><img loading=\"lazy\" decoding=\"async\" aria-describedby=\"caption-attachment-5054\" class=\"wp-image-5054 size-medium\" src=\"https:\/\/spvgg-goldkronach.com\/1946\/wp-content\/uploads\/2017\/02\/2017_Lindner-300x225.jpg\" width=\"300\" height=\"225\" srcset=\"https:\/\/spvgg-goldkronach.com\/1946\/wp-content\/uploads\/2017\/02\/2017_Lindner-300x225.jpg 300w, https:\/\/spvgg-goldkronach.com\/1946\/wp-content\/uploads\/2017\/02\/2017_Lindner-768x576.jpg 768w, https:\/\/spvgg-goldkronach.com\/1946\/wp-content\/uploads\/2017\/02\/2017_Lindner-1024x768.jpg 1024w, https:\/\/spvgg-goldkronach.com\/1946\/wp-content\/uploads\/2017\/02\/2017_Lindner-100x75.jpg 100w, https:\/\/spvgg-goldkronach.com\/1946\/wp-content\/uploads\/2017\/02\/2017_Lindner-160x120.jpg 160w, https:\/\/spvgg-goldkronach.com\/1946\/wp-content\/uploads\/2017\/02\/2017_Lindner-280x210.jpg 280w, https:\/\/spvgg-goldkronach.com\/1946\/wp-content\/uploads\/2017\/02\/2017_Lindner-400x300.jpg 400w, https:\/\/spvgg-goldkronach.com\/1946\/wp-content\/uploads\/2017\/02\/2017_Lindner-800x600.jpg 800w, https:\/\/spvgg-goldkronach.com\/1946\/wp-content\/uploads\/2017\/02\/2017_Lindner.jpg 2000w\" sizes=\"auto, (max-width: 300px) 100vw, 300px\" \/><\/a><p id=\"caption-attachment-5054\" class=\"wp-caption-text\">Horst Lindner<\/p><\/div>\n<p><strong>Horst Lindner<\/strong><\/p>\n<ul>\n<li>Abteilungsleiter Karate<\/li>\n<li>1. Dan SOK (Stiloffenes Karate)<\/li>\n<li>1. Dan JuJutsu<\/li>\n<li>Polizeieinsatztrainer (Trainingsschwerpunkt: realistische Selbstverteidigung)<\/li>\n<li>Tel. 0 92 73 \/ 68 68<\/li>\n<li>Handy 0 17 3 \/ 8 50 55 90<\/li>\n<\/ul>\n<blockquote><p>&#8222;Ob etwas m\u00f6glich oder unm\u00f6glich ist, liegt an der Entschlossenheit einer Person.&#8220;<\/p><\/blockquote>\n<hr \/>\n<div id=\"attachment_5056\" style=\"width: 310px\" class=\"wp-caption alignright\"><a href=\"https:\/\/spvgg-goldkronach.com\/1946\/?attachment_id=5056\"><img loading=\"lazy\" decoding=\"async\" aria-describedby=\"caption-attachment-5056\" class=\"wp-image-5056 size-medium\" src=\"https:\/\/spvgg-goldkronach.com\/1946\/wp-content\/uploads\/2017\/02\/2017_Meisel-300x225.jpg\" width=\"300\" height=\"225\" srcset=\"https:\/\/spvgg-goldkronach.com\/1946\/wp-content\/uploads\/2017\/02\/2017_Meisel-300x225.jpg 300w, https:\/\/spvgg-goldkronach.com\/1946\/wp-content\/uploads\/2017\/02\/2017_Meisel-768x576.jpg 768w, https:\/\/spvgg-goldkronach.com\/1946\/wp-content\/uploads\/2017\/02\/2017_Meisel-1024x768.jpg 1024w, https:\/\/spvgg-goldkronach.com\/1946\/wp-content\/uploads\/2017\/02\/2017_Meisel-100x75.jpg 100w, https:\/\/spvgg-goldkronach.com\/1946\/wp-content\/uploads\/2017\/02\/2017_Meisel-160x120.jpg 160w, https:\/\/spvgg-goldkronach.com\/1946\/wp-content\/uploads\/2017\/02\/2017_Meisel-280x210.jpg 280w, https:\/\/spvgg-goldkronach.com\/1946\/wp-content\/uploads\/2017\/02\/2017_Meisel-400x300.jpg 400w, https:\/\/spvgg-goldkronach.com\/1946\/wp-content\/uploads\/2017\/02\/2017_Meisel-800x600.jpg 800w, https:\/\/spvgg-goldkronach.com\/1946\/wp-content\/uploads\/2017\/02\/2017_Meisel.jpg 2000w\" sizes=\"auto, (max-width: 300px) 100vw, 300px\" \/><\/a><p id=\"caption-attachment-5056\" class=\"wp-caption-text\">Ralf Meisel<\/p><\/div>\n<p><strong>Ralf Meisel<\/strong><\/p>\n<ul>\n<li>2. Dan Shotokan<\/li>\n<li>Handy 0 17 9 \/ 5 96 67 58<\/li>\n<\/ul>\n<p>&nbsp;<\/p>\n<p>&nbsp;<\/p>\n<p>&nbsp;<\/p>\n<p>&nbsp;<\/p>\n<hr \/>\n<div id=\"attachment_5052\" style=\"width: 310px\" class=\"wp-caption alignright\"><a href=\"https:\/\/spvgg-goldkronach.com\/1946\/?attachment_id=5052\"><img loading=\"lazy\" decoding=\"async\" aria-describedby=\"caption-attachment-5052\" class=\"wp-image-5052 size-medium\" src=\"https:\/\/spvgg-goldkronach.com\/1946\/wp-content\/uploads\/2017\/02\/2017_Hieckmann-300x225.jpg\" width=\"300\" height=\"225\" srcset=\"https:\/\/spvgg-goldkronach.com\/1946\/wp-content\/uploads\/2017\/02\/2017_Hieckmann-300x225.jpg 300w, https:\/\/spvgg-goldkronach.com\/1946\/wp-content\/uploads\/2017\/02\/2017_Hieckmann-768x576.jpg 768w, https:\/\/spvgg-goldkronach.com\/1946\/wp-content\/uploads\/2017\/02\/2017_Hieckmann-1024x768.jpg 1024w, https:\/\/spvgg-goldkronach.com\/1946\/wp-content\/uploads\/2017\/02\/2017_Hieckmann-100x75.jpg 100w, https:\/\/spvgg-goldkronach.com\/1946\/wp-content\/uploads\/2017\/02\/2017_Hieckmann-160x120.jpg 160w, https:\/\/spvgg-goldkronach.com\/1946\/wp-content\/uploads\/2017\/02\/2017_Hieckmann-280x210.jpg 280w, https:\/\/spvgg-goldkronach.com\/1946\/wp-content\/uploads\/2017\/02\/2017_Hieckmann-400x300.jpg 400w, https:\/\/spvgg-goldkronach.com\/1946\/wp-content\/uploads\/2017\/02\/2017_Hieckmann-800x600.jpg 800w, https:\/\/spvgg-goldkronach.com\/1946\/wp-content\/uploads\/2017\/02\/2017_Hieckmann.jpg 2000w\" sizes=\"auto, (max-width: 300px) 100vw, 300px\" \/><\/a><p id=\"caption-attachment-5052\" class=\"wp-caption-text\">Reiner Hieckmann<\/p><\/div>\n<p><strong>Reiner Hieckmann<\/strong><\/p>\n<ul>\n<li>4. Dan Shotokan<\/li>\n<li>Deeskalationstrainer (ProDeMa), Kollegialer Erstbetreuer nach Krisensituationen<\/li>\n<li>Tel. 0 92 27 \/ 97 33 77<\/li>\n<li>E-Mail: karate[at]gronicher.de<\/li>\n<\/ul>\n<p>&nbsp;<\/p>\n<blockquote><p>&#8222;Um Karate zu verstehen, muss man es \u00fcben, \u00fcben, \u00fcben&#8230;&#8220;<\/p><\/blockquote>\n","protected":false},"excerpt":{"rendered":"<p>Horst Lindner Abteilungsleiter Karate 1. Dan SOK (Stiloffenes Karate) 1. Dan JuJutsu Polizeieinsatztrainer (Trainingsschwerpunkt: realistische Selbstverteidigung) Tel. 0 92 73 \/ 68 68 Handy 0 17 3 \/ 8 50 55 90 &#8222;Ob etwas m\u00f6glich oder unm\u00f6glich ist, liegt an der Entschlossenheit einer Person.&#8220; Ralf Meisel 2. Dan Shotokan Handy 0 17 9 \/ 5 [&hellip;]<\/p>\n","protected":false},"author":1,"featured_media":0,"parent":0,"menu_order":0,"comment_status":"open","ping_status":"closed","template":"","meta":{"footnotes":""},"class_list":["post-3540","page","type-page","status-publish","hentry"],"_links":{"self":[{"href":"https:\/\/spvgg-goldkronach.com\/1946\/wp-json\/wp\/v2\/pages\/3540","targetHints":{"allow":["GET"]}}],"collection":[{"href":"https:\/\/spvgg-goldkronach.com\/1946\/wp-json\/wp\/v2\/pages"}],"about":[{"href":"https:\/\/spvgg-goldkronach.com\/1946\/wp-json\/wp\/v2\/types\/page"}],"author":[{"embeddable":true,"href":"https:\/\/spvgg-goldkronach.com\/1946\/wp-json\/wp\/v2\/users\/1"}],"replies":[{"embeddable":true,"href":"https:\/\/spvgg-goldkronach.com\/1946\/wp-json\/wp\/v2\/comments?post=3540"}],"version-history":[{"count":21,"href":"https:\/\/spvgg-goldkronach.com\/1946\/wp-json\/wp\/v2\/pages\/3540\/revisions"}],"predecessor-version":[{"id":5084,"href":"https:\/\/spvgg-goldkronach.com\/1946\/wp-json\/wp\/v2\/pages\/3540\/revisions\/5084"}],"wp:attachment":[{"href":"https:\/\/spvgg-goldkronach.com\/1946\/wp-json\/wp\/v2\/media?parent=3540"}],"curies":[{"name":"wp","href":"https:\/\/api.w.org\/{rel}","templated":true}]}}