{"id":189,"date":"2011-09-29T14:59:50","date_gmt":"2011-09-29T14:59:50","guid":{"rendered":"http:\/\/spvgg-goldkronach.com\/1946\/?page_id=189"},"modified":"2017-02-09T13:58:12","modified_gmt":"2017-02-09T12:58:12","slug":"downloads","status":"publish","type":"page","link":"https:\/\/spvgg-goldkronach.com\/1946\/downloads\/","title":{"rendered":"Downloads"},"content":{"rendered":"<p><strong>Dokumente<\/strong><\/p>\n<p>Die Spielvereinigung Goldkronach e. V. stellt ihren Mitgliedern und der \u00d6ffentlichkeit hier wichtige Dokumente als PDF-Datei zum Herunterladen bereit. Die Dokumente \u00f6ffnen sich bei einem Klick auf die jeweilige Symbolgrafik in einem neuen Browserfenster.<\/p>\n<div id=\"attachment_886\" style=\"width: 160px\" class=\"wp-caption alignleft\"><a title=\"Mitgliedsantrag (Stand: 1\/2016)\" href=\"https:\/\/spvgg-goldkronach.com\/1946\/wp-content\/uploads\/2016\/01\/Mitgliedsantrag_2016.pdf\" target=\"_blank\"><img loading=\"lazy\" decoding=\"async\" aria-describedby=\"caption-attachment-886\" class=\"size-full wp-image-886 \" title=\"SpVgg-Dokumente\" src=\"https:\/\/spvgg-goldkronach.com\/1946\/wp-content\/uploads\/2011\/12\/download_dokumente.png\" alt=\"SpVgg-Dokumente\" width=\"150\" height=\"150\" \/><\/a><p id=\"caption-attachment-886\" class=\"wp-caption-text\">Mitgliedsantrag<\/p><\/div>\n<div id=\"attachment_886\" style=\"width: 160px\" class=\"wp-caption alignleft\"><a href=\"https:\/\/spvgg-goldkronach.com\/1946\/wp-content\/uploads\/2011\/12\/SpVgg_Satzung.pdf\" target=\"_blank\"><img loading=\"lazy\" decoding=\"async\" aria-describedby=\"caption-attachment-886\" class=\"size-full wp-image-886 \" title=\"SpVgg-Dokumente\" src=\"https:\/\/spvgg-goldkronach.com\/1946\/wp-content\/uploads\/2011\/12\/download_dokumente.png\" alt=\"SpVgg-Dokumente\" width=\"150\" height=\"150\" \/><\/a><p id=\"caption-attachment-886\" class=\"wp-caption-text\">Vereinssatzung<\/p><\/div>\n<div id=\"attachment_886\" style=\"width: 160px\" class=\"wp-caption alignleft\"><a title=\"Beitragsordnung (Stand: 1\/2016)\" href=\"https:\/\/spvgg-goldkronach.com\/1946\/wp-content\/uploads\/2016\/01\/Beitragsordnung_2016_2.pdf\" target=\"_blank\"><img loading=\"lazy\" decoding=\"async\" aria-describedby=\"caption-attachment-886\" class=\"size-full wp-image-886 \" title=\"SpVgg-Dokumente\" src=\"https:\/\/spvgg-goldkronach.com\/1946\/wp-content\/uploads\/2011\/12\/download_dokumente.png\" alt=\"SpVgg-Dokumente\" width=\"150\" height=\"150\" \/><\/a><p id=\"caption-attachment-886\" class=\"wp-caption-text\">Beitragsordnung<\/p><\/div>\n<p>&nbsp;<\/p>\n<p>&nbsp;<\/p>\n<p>&nbsp;<\/p>\n<p>&nbsp;<\/p>\n<p>&nbsp;<\/p>\n<p>&nbsp;<\/p>\n<p><strong>Vereinswappen<\/strong><\/p>\n<p>Hier bieten wir unser Vereinswappen als hochaufgel\u00f6ste JPEG-Datei zum Download an (Kantenl\u00e4nge 1946 px). Ihr k\u00f6nnt diese Datei gerne f\u00fcr Euer Stadionheft o. \u00e4. verwenden. Bei Missbrauch beh\u00e4lt sich der Verein rechtliche Schritte vor.<\/p>\n<div id=\"attachment_4825\" style=\"width: 160px\" class=\"wp-caption alignleft\"><a href=\"https:\/\/spvgg-goldkronach.com\/1946\/wp-content\/uploads\/2011\/09\/SpVgg_Goldkronach_Wappen_grau_1946px.jpg\"><img loading=\"lazy\" decoding=\"async\" aria-describedby=\"caption-attachment-4825\" class=\"size-thumbnail wp-image-4825\" src=\"https:\/\/spvgg-goldkronach.com\/1946\/wp-content\/uploads\/2011\/09\/SpVgg_Goldkronach_Wappen_grau_1946px-150x150.jpg\" alt=\"\" width=\"150\" height=\"150\" srcset=\"https:\/\/spvgg-goldkronach.com\/1946\/wp-content\/uploads\/2011\/09\/SpVgg_Goldkronach_Wappen_grau_1946px-150x150.jpg 150w, https:\/\/spvgg-goldkronach.com\/1946\/wp-content\/uploads\/2011\/09\/SpVgg_Goldkronach_Wappen_grau_1946px-300x300.jpg 300w, https:\/\/spvgg-goldkronach.com\/1946\/wp-content\/uploads\/2011\/09\/SpVgg_Goldkronach_Wappen_grau_1946px-768x768.jpg 768w, https:\/\/spvgg-goldkronach.com\/1946\/wp-content\/uploads\/2011\/09\/SpVgg_Goldkronach_Wappen_grau_1946px-1024x1024.jpg 1024w\" sizes=\"auto, (max-width: 150px) 100vw, 150px\" \/><\/a><p id=\"caption-attachment-4825\" class=\"wp-caption-text\">SpVgg-Wappen (Graustufen)<\/p><\/div>\n<div id=\"attachment_4824\" style=\"width: 160px\" class=\"wp-caption alignleft\"><a href=\"https:\/\/spvgg-goldkronach.com\/1946\/wp-content\/uploads\/2011\/09\/SpVgg_Goldkronach_Wappen_rgb_1946px.jpg\" target=\"_blank\"><img loading=\"lazy\" decoding=\"async\" aria-describedby=\"caption-attachment-4824\" class=\"size-thumbnail wp-image-4824\" src=\"https:\/\/spvgg-goldkronach.com\/1946\/wp-content\/uploads\/2011\/09\/SpVgg_Goldkronach_Wappen_rgb_1946px-150x150.jpg\" alt=\"\" width=\"150\" height=\"150\" srcset=\"https:\/\/spvgg-goldkronach.com\/1946\/wp-content\/uploads\/2011\/09\/SpVgg_Goldkronach_Wappen_rgb_1946px-150x150.jpg 150w, https:\/\/spvgg-goldkronach.com\/1946\/wp-content\/uploads\/2011\/09\/SpVgg_Goldkronach_Wappen_rgb_1946px-300x300.jpg 300w, https:\/\/spvgg-goldkronach.com\/1946\/wp-content\/uploads\/2011\/09\/SpVgg_Goldkronach_Wappen_rgb_1946px-768x768.jpg 768w, https:\/\/spvgg-goldkronach.com\/1946\/wp-content\/uploads\/2011\/09\/SpVgg_Goldkronach_Wappen_rgb_1946px-1024x1024.jpg 1024w, https:\/\/spvgg-goldkronach.com\/1946\/wp-content\/uploads\/2011\/09\/SpVgg_Goldkronach_Wappen_rgb_1946px.jpg 1946w\" sizes=\"auto, (max-width: 150px) 100vw, 150px\" \/><\/a><p id=\"caption-attachment-4824\" class=\"wp-caption-text\">SpVgg-Wappen (RGB)<\/p><\/div>\n","protected":false},"excerpt":{"rendered":"<p>Dokumente Die Spielvereinigung Goldkronach e. V. stellt ihren Mitgliedern und der \u00d6ffentlichkeit hier wichtige Dokumente als PDF-Datei zum Herunterladen bereit. Die Dokumente \u00f6ffnen sich bei einem Klick auf die jeweilige Symbolgrafik in einem neuen Browserfenster. &nbsp; &nbsp; &nbsp; &nbsp; &nbsp; &nbsp; Vereinswappen Hier bieten wir unser Vereinswappen als hochaufgel\u00f6ste JPEG-Datei zum Download an (Kantenl\u00e4nge 1946 [&hellip;]<\/p>\n","protected":false},"author":1,"featured_media":0,"parent":0,"menu_order":0,"comment_status":"closed","ping_status":"closed","template":"","meta":{"footnotes":""},"class_list":["post-189","page","type-page","status-publish","hentry"],"_links":{"self":[{"href":"https:\/\/spvgg-goldkronach.com\/1946\/wp-json\/wp\/v2\/pages\/189","targetHints":{"allow":["GET"]}}],"collection":[{"href":"https:\/\/spvgg-goldkronach.com\/1946\/wp-json\/wp\/v2\/pages"}],"about":[{"href":"https:\/\/spvgg-goldkronach.com\/1946\/wp-json\/wp\/v2\/types\/page"}],"author":[{"embeddable":true,"href":"https:\/\/spvgg-goldkronach.com\/1946\/wp-json\/wp\/v2\/users\/1"}],"replies":[{"embeddable":true,"href":"https:\/\/spvgg-goldkronach.com\/1946\/wp-json\/wp\/v2\/comments?post=189"}],"version-history":[{"count":19,"href":"https:\/\/spvgg-goldkronach.com\/1946\/wp-json\/wp\/v2\/pages\/189\/revisions"}],"predecessor-version":[{"id":4957,"href":"https:\/\/spvgg-goldkronach.com\/1946\/wp-json\/wp\/v2\/pages\/189\/revisions\/4957"}],"wp:attachment":[{"href":"https:\/\/spvgg-goldkronach.com\/1946\/wp-json\/wp\/v2\/media?parent=189"}],"curies":[{"name":"wp","href":"https:\/\/api.w.org\/{rel}","templated":true}]}}