{"id":134,"date":"2011-09-29T14:04:21","date_gmt":"2011-09-29T14:04:21","guid":{"rendered":"http:\/\/spvgg-goldkronach.com\/1946\/?page_id=134"},"modified":"2025-04-14T13:11:24","modified_gmt":"2025-04-14T11:11:24","slug":"kinderturnen","status":"publish","type":"page","link":"https:\/\/spvgg-goldkronach.com\/1946\/kinderturnen\/","title":{"rendered":"Kinderturnen"},"content":{"rendered":"<div id=\"attachment_438\" style=\"width: 310px\" class=\"wp-caption alignright\"><img loading=\"lazy\" decoding=\"async\" aria-describedby=\"caption-attachment-438\" class=\"size-medium wp-image-438 \" title=\"Kinderturnen\" src=\"https:\/\/spvgg-goldkronach.com\/1946\/wp-content\/uploads\/2011\/09\/t_kinderturnen-300x225.jpg\" alt=\"Kinderturnen\" width=\"300\" height=\"225\" srcset=\"https:\/\/spvgg-goldkronach.com\/1946\/wp-content\/uploads\/2011\/09\/t_kinderturnen-300x225.jpg 300w, https:\/\/spvgg-goldkronach.com\/1946\/wp-content\/uploads\/2011\/09\/t_kinderturnen.jpg 500w\" sizes=\"auto, (max-width: 300px) 100vw, 300px\" \/><p id=\"caption-attachment-438\" class=\"wp-caption-text\">Fasching beim Kinderturnen.<\/p><\/div>\n<p style=\"text-align: justify;\"><strong>Seit vielen Jahren bietet die SpVgg Goldkronach Spiel, Spa\u00df und Bewegung beim Kinderturnen in der Sporthalle der Alexander-von-Humboldt-Schule.<\/strong><\/p>\n<p style=\"text-align: justify;\">Durch die Belastungen in Schule &amp; Co., denen die Kinder immer fr\u00fcher ausgesetzt sind, ist der Ausgleich durch Bewegung besonders wichtig. Unsere Kinderturngruppen, die nach Alter gestaffelt sind, stehen f\u00fcr vielf\u00e4ltige spielerische, altersgerechte sportliche Bet\u00e4tigung ohne Leistungsdruck.<\/p>\n<p style=\"text-align: justify;\">Unsere Betreuer lassen sich immer etwas einfallen, so gibt es einige zus\u00e4tzliche H\u00f6hepunkte im Jahresverlauf, etwa an Fasching (siehe Foto rechts). Au\u00dferdem schaut in der Vorweihnachtszeit auch gerne einmal der Nikolaus vorbei.<\/p>\n<p><span style=\"text-decoration: underline;\"><strong>Informationen und Kontaktdaten<br \/>\n<\/strong><\/span><\/p>\n<ul>\n<li>Donnerstags, ab 16 Uhr: Kindergartenkinder<\/li>\n<li><span style=\"color: #ff0000;\"><strong>Bitte beachten: Aktuell k\u00f6nnen wir kein Kinderturnen f\u00fcr Grundschulkinder anbieten. Wir suchen dringend Personen, die die Betreuung \u00fcbernehmen w\u00fcrden \u2013 bei Interesse bitte bei der Vorstandschaft melden!<br \/>\n<\/strong><\/span><\/li>\n<li>Ort: Sporthalle der Alexander-von-Humboldt-Schule (Hintereingang Hartplatz\/Schulstra\u00dfe)<\/li>\n<li>Anmeldung bitte bei Manja Sp\u00f6rl<\/li>\n<li>Leiterin: Tamara Kober und Manja Sp\u00f6rl, Tel. 0 15 1 \/ 70 55 40 12<strong><br \/>\n<\/strong><\/li>\n<\/ul>\n","protected":false},"excerpt":{"rendered":"<p>Seit vielen Jahren bietet die SpVgg Goldkronach Spiel, Spa\u00df und Bewegung beim Kinderturnen in der Sporthalle der Alexander-von-Humboldt-Schule. Durch die Belastungen in Schule &amp; Co., denen die Kinder immer fr\u00fcher ausgesetzt sind, ist der Ausgleich durch Bewegung besonders wichtig. Unsere Kinderturngruppen, die nach Alter gestaffelt sind, stehen f\u00fcr vielf\u00e4ltige spielerische, altersgerechte sportliche Bet\u00e4tigung ohne Leistungsdruck. [&hellip;]<\/p>\n","protected":false},"author":1,"featured_media":0,"parent":0,"menu_order":0,"comment_status":"closed","ping_status":"closed","template":"","meta":{"footnotes":""},"class_list":["post-134","page","type-page","status-publish","hentry"],"_links":{"self":[{"href":"https:\/\/spvgg-goldkronach.com\/1946\/wp-json\/wp\/v2\/pages\/134","targetHints":{"allow":["GET"]}}],"collection":[{"href":"https:\/\/spvgg-goldkronach.com\/1946\/wp-json\/wp\/v2\/pages"}],"about":[{"href":"https:\/\/spvgg-goldkronach.com\/1946\/wp-json\/wp\/v2\/types\/page"}],"author":[{"embeddable":true,"href":"https:\/\/spvgg-goldkronach.com\/1946\/wp-json\/wp\/v2\/users\/1"}],"replies":[{"embeddable":true,"href":"https:\/\/spvgg-goldkronach.com\/1946\/wp-json\/wp\/v2\/comments?post=134"}],"version-history":[{"count":22,"href":"https:\/\/spvgg-goldkronach.com\/1946\/wp-json\/wp\/v2\/pages\/134\/revisions"}],"predecessor-version":[{"id":8169,"href":"https:\/\/spvgg-goldkronach.com\/1946\/wp-json\/wp\/v2\/pages\/134\/revisions\/8169"}],"wp:attachment":[{"href":"https:\/\/spvgg-goldkronach.com\/1946\/wp-json\/wp\/v2\/media?parent=134"}],"curies":[{"name":"wp","href":"https:\/\/api.w.org\/{rel}","templated":true}]}}