{"id":46,"date":"2011-09-29T12:17:33","date_gmt":"2011-09-29T12:17:33","guid":{"rendered":"http:\/\/spvgg-goldkronach.com\/1946\/?page_id=46"},"modified":"2025-07-03T08:17:08","modified_gmt":"2025-07-03T06:17:08","slug":"vereinsfuhrung","status":"publish","type":"page","link":"https:\/\/spvgg-goldkronach.com\/1946\/vereinsfuhrung\/","title":{"rendered":"Vereinsf\u00fchrung"},"content":{"rendered":"<p>Unseren Vorsitzenden erreichen Sie so:<\/p>\n<ul>\n<li>Fabian Blechschmidt<\/li>\n<li>Erlenstra\u00dfe 2<\/li>\n<li>95497 Goldkronach<\/li>\n<li>Telefon 0 15 1 \/ 42 42 77 46<\/li>\n<\/ul>\n<p>Dem Vereinsausschuss geh\u00f6ren an:<\/p>\n<ul>\n<li><strong>1. Vorsitzender:<\/strong>\u00a0Fabian Blechschmidt<\/li>\n<li><strong>2. Vorsitzender:<\/strong> Lukas Weihrauch<\/li>\n<li><strong>1. Kassenwart: <\/strong>Detlef Vogel<\/li>\n<li><strong>2. Kassenwartin:<\/strong> Heike Hautsch<\/li>\n<li><strong>3. Kassenwart:<\/strong> Nick Mertins<\/li>\n<li><strong>1. Schriftf\u00fchrer:<\/strong> Karl Weidner<\/li>\n<li><strong>2. Schriftf\u00fchrer:<\/strong> Franz Rabenstein<\/li>\n<li><strong>Kassenpr\u00fcfer:<\/strong> J\u00fcrgen Hauser, Alex Seyferth<\/li>\n<li><strong>Platzkassiere:\u00a0<\/strong>Karl-Heinz Kemper, Rainer Neukam<\/li>\n<li><strong>\u00c4ltestenrat:<\/strong> Hiltrud Kr\u00f6ber, Hans W\u00f6lfel, Dr. Frank-Ekkehard Kr\u00f6ber<\/li>\n<\/ul>\n<p>F\u00fcr den sportlichen Bereich sind verantwortlich:<\/p>\n<ul>\n<li><strong>Fu\u00dfball Senioren:<\/strong> Horst Str\u00f6ber<\/li>\n<li><strong>Fu\u00dfball Jugend:<\/strong> Andr\u00e9 Riedel<\/li>\n<li><strong>Karate:<\/strong> Horst Lindner<\/li>\n<li><strong>Turnen:<\/strong> Claudia Bauer<\/li>\n<li><strong>Kinderturnen: <\/strong>Manja Sp\u00f6rl<\/li>\n<li><strong>Dart:<\/strong> Fritz Hirschmann<\/li>\n<\/ul>\n","protected":false},"excerpt":{"rendered":"<p>Unseren Vorsitzenden erreichen Sie so: Fabian Blechschmidt Erlenstra\u00dfe 2 95497 Goldkronach Telefon 0 15 1 \/ 42 42 77 46 Dem Vereinsausschuss geh\u00f6ren an: 1. Vorsitzender:\u00a0Fabian Blechschmidt 2. Vorsitzender: Lukas Weihrauch 1. Kassenwart: Detlef Vogel 2. Kassenwartin: Heike Hautsch 3. Kassenwart: Nick Mertins 1. Schriftf\u00fchrer: Karl Weidner 2. Schriftf\u00fchrer: Franz Rabenstein Kassenpr\u00fcfer: J\u00fcrgen Hauser, Alex [&hellip;]<\/p>\n","protected":false},"author":1,"featured_media":0,"parent":0,"menu_order":0,"comment_status":"open","ping_status":"closed","template":"","meta":{"footnotes":""},"class_list":["post-46","page","type-page","status-publish","hentry"],"_links":{"self":[{"href":"https:\/\/spvgg-goldkronach.com\/1946\/wp-json\/wp\/v2\/pages\/46","targetHints":{"allow":["GET"]}}],"collection":[{"href":"https:\/\/spvgg-goldkronach.com\/1946\/wp-json\/wp\/v2\/pages"}],"about":[{"href":"https:\/\/spvgg-goldkronach.com\/1946\/wp-json\/wp\/v2\/types\/page"}],"author":[{"embeddable":true,"href":"https:\/\/spvgg-goldkronach.com\/1946\/wp-json\/wp\/v2\/users\/1"}],"replies":[{"embeddable":true,"href":"https:\/\/spvgg-goldkronach.com\/1946\/wp-json\/wp\/v2\/comments?post=46"}],"version-history":[{"count":28,"href":"https:\/\/spvgg-goldkronach.com\/1946\/wp-json\/wp\/v2\/pages\/46\/revisions"}],"predecessor-version":[{"id":8178,"href":"https:\/\/spvgg-goldkronach.com\/1946\/wp-json\/wp\/v2\/pages\/46\/revisions\/8178"}],"wp:attachment":[{"href":"https:\/\/spvgg-goldkronach.com\/1946\/wp-json\/wp\/v2\/media?parent=46"}],"curies":[{"name":"wp","href":"https:\/\/api.w.org\/{rel}","templated":true}]}}