{"id":4352,"date":"2019-08-10T15:16:43","date_gmt":"2019-08-10T13:16:43","guid":{"rendered":"http:\/\/spvgg-goldkronach.com\/1946\/?page_id=4352"},"modified":"2021-12-30T16:50:22","modified_gmt":"2021-12-30T15:50:22","slug":"schiedsrichter","status":"publish","type":"page","link":"https:\/\/spvgg-goldkronach.com\/1946\/schiedsrichter\/","title":{"rendered":"Schiedsrichter"},"content":{"rendered":"<div id=\"attachment_6430\" style=\"width: 235px\" class=\"wp-caption alignleft\"><img loading=\"lazy\" decoding=\"async\" aria-describedby=\"caption-attachment-6430\" class=\"size-medium wp-image-6430\" src=\"https:\/\/spvgg-goldkronach.com\/1946\/wp-content\/uploads\/2019\/08\/Hildner-Max-225x300.jpg\" alt=\"\" width=\"225\" height=\"300\" srcset=\"https:\/\/spvgg-goldkronach.com\/1946\/wp-content\/uploads\/2019\/08\/Hildner-Max-225x300.jpg 225w, https:\/\/spvgg-goldkronach.com\/1946\/wp-content\/uploads\/2019\/08\/Hildner-Max.jpg 600w\" sizes=\"auto, (max-width: 225px) 100vw, 225px\" \/><p id=\"caption-attachment-6430\" class=\"wp-caption-text\"><strong>Maximilian Hildner<\/strong><br \/>* 15. Januar 1992<br \/>Bezirksoberliga (Jugend), Bezirksliga (Damen), A-Klasse (Herren)<\/p><\/div>\n<div id=\"attachment_6433\" style=\"width: 235px\" class=\"wp-caption alignright\"><img loading=\"lazy\" decoding=\"async\" aria-describedby=\"caption-attachment-6433\" class=\"size-medium wp-image-6433\" src=\"https:\/\/spvgg-goldkronach.com\/1946\/wp-content\/uploads\/2019\/08\/SR-Portrait-225x300.jpg\" alt=\"\" width=\"225\" height=\"300\" srcset=\"https:\/\/spvgg-goldkronach.com\/1946\/wp-content\/uploads\/2019\/08\/SR-Portrait-225x300.jpg 225w, https:\/\/spvgg-goldkronach.com\/1946\/wp-content\/uploads\/2019\/08\/SR-Portrait.jpg 600w\" sizes=\"auto, (max-width: 225px) 100vw, 225px\" \/><p id=\"caption-attachment-6433\" class=\"wp-caption-text\"><strong>Jan Herrmann<\/strong><br \/>* 4. Oktober 2002<br \/>Landesliga (Herren, Linienrichter), A-Klasse (Herren, Schiedsrichter)<\/p><\/div>\n<div id=\"attachment_6431\" style=\"width: 235px\" class=\"wp-caption aligncenter\"><img loading=\"lazy\" decoding=\"async\" aria-describedby=\"caption-attachment-6431\" class=\"wp-image-6431 size-medium\" src=\"https:\/\/spvgg-goldkronach.com\/1946\/wp-content\/uploads\/2019\/08\/Zimmer-Stefan-225x300.jpg\" alt=\"\" width=\"225\" height=\"300\" srcset=\"https:\/\/spvgg-goldkronach.com\/1946\/wp-content\/uploads\/2019\/08\/Zimmer-Stefan-225x300.jpg 225w, https:\/\/spvgg-goldkronach.com\/1946\/wp-content\/uploads\/2019\/08\/Zimmer-Stefan.jpg 600w\" sizes=\"auto, (max-width: 225px) 100vw, 225px\" \/><p id=\"caption-attachment-6431\" class=\"wp-caption-text\"><strong>Stefan Zimmer<\/strong><br \/>*<br \/>Bezirksoberliga (Damen), Bezirksliga (Herren, Linienrichter), Kreisliga (Jugend), Kreisklasse (Herren)<\/p><\/div>\n<hr \/>\n<p><strong>Schiedsrichter werden<\/strong><\/p>\n<p>Wir unterst\u00fctzen Dich gerne, wenn Du einen Lehrgang besuchen, den &#8222;Schein&#8220; erwerben und Schiedsrichter werden m\u00f6chtest. Als <a href=\"https:\/\/spvgg-goldkronach.com\/1946\/vereinsfuhrung\/\">Ansprechpartner<\/a> steht die Vorstandschaft zur Verf\u00fcgung!<\/p>\n<hr \/>\n<p><a href=\"https:\/\/spvgg-goldkronach.com\/1946\/2018\/03\/schiedsrichterportrait-stefan-zimmer-fingerspitzengefuehl-und-ehrlichkeit\/\" target=\"_blank\" rel=\"noopener\">Das Fu\u00dfballportal <em>anpfiff<\/em> hat unserem Schiedsrichter Stefan Zimmer im Jahr 2018 ein ausf\u00fchrliches Portrait gewidmet, das wir unter diesem Link dokumentieren.<\/a><\/p>\n<hr \/>\n<p><strong>Inaktive und ehemalige Schiedsrichter<br \/>\n<\/strong><\/p>\n<ul>\n<li>J\u00fcrgen B\u00e4r<\/li>\n<li>Richard Dietel<\/li>\n<li>J\u00fcrgen Hauser<\/li>\n<li>Fritz Hirschmann<\/li>\n<li>Gregor Hofmann<\/li>\n<li>G\u00fcnter Ordnung<\/li>\n<li>Theo Ohlmeier \u2020<\/li>\n<li>Gerhard Schmidt \u2020<\/li>\n<li>Gerhard Schr\u00f6ll \u2020<\/li>\n<\/ul>\n<hr \/>\n<div id=\"attachment_6429\" style=\"width: 610px\" class=\"wp-caption aligncenter\"><img loading=\"lazy\" decoding=\"async\" aria-describedby=\"caption-attachment-6429\" class=\"size-full wp-image-6429\" src=\"https:\/\/spvgg-goldkronach.com\/1946\/wp-content\/uploads\/2019\/08\/2006_12_14_schroell-ohlmeier.jpg\" alt=\"\" width=\"600\" height=\"670\" srcset=\"https:\/\/spvgg-goldkronach.com\/1946\/wp-content\/uploads\/2019\/08\/2006_12_14_schroell-ohlmeier.jpg 600w, https:\/\/spvgg-goldkronach.com\/1946\/wp-content\/uploads\/2019\/08\/2006_12_14_schroell-ohlmeier-269x300.jpg 269w\" sizes=\"auto, (max-width: 600px) 100vw, 600px\" \/><p id=\"caption-attachment-6429\" class=\"wp-caption-text\">Leserbrief aus dem Nordbayerischen Kurier, 14. Dezember 2006.<\/p><\/div>\n","protected":false},"excerpt":{"rendered":"<p>Schiedsrichter werden Wir unterst\u00fctzen Dich gerne, wenn Du einen Lehrgang besuchen, den &#8222;Schein&#8220; erwerben und Schiedsrichter werden m\u00f6chtest. Als Ansprechpartner steht die Vorstandschaft zur Verf\u00fcgung! Das Fu\u00dfballportal anpfiff hat unserem Schiedsrichter Stefan Zimmer im Jahr 2018 ein ausf\u00fchrliches Portrait gewidmet, das wir unter diesem Link dokumentieren. Inaktive und ehemalige Schiedsrichter J\u00fcrgen B\u00e4r Richard Dietel J\u00fcrgen [&hellip;]<\/p>\n","protected":false},"author":1,"featured_media":0,"parent":0,"menu_order":0,"comment_status":"open","ping_status":"closed","template":"","meta":{"footnotes":""},"class_list":["post-4352","page","type-page","status-publish","hentry"],"_links":{"self":[{"href":"https:\/\/spvgg-goldkronach.com\/1946\/wp-json\/wp\/v2\/pages\/4352","targetHints":{"allow":["GET"]}}],"collection":[{"href":"https:\/\/spvgg-goldkronach.com\/1946\/wp-json\/wp\/v2\/pages"}],"about":[{"href":"https:\/\/spvgg-goldkronach.com\/1946\/wp-json\/wp\/v2\/types\/page"}],"author":[{"embeddable":true,"href":"https:\/\/spvgg-goldkronach.com\/1946\/wp-json\/wp\/v2\/users\/1"}],"replies":[{"embeddable":true,"href":"https:\/\/spvgg-goldkronach.com\/1946\/wp-json\/wp\/v2\/comments?post=4352"}],"version-history":[{"count":35,"href":"https:\/\/spvgg-goldkronach.com\/1946\/wp-json\/wp\/v2\/pages\/4352\/revisions"}],"predecessor-version":[{"id":7034,"href":"https:\/\/spvgg-goldkronach.com\/1946\/wp-json\/wp\/v2\/pages\/4352\/revisions\/7034"}],"wp:attachment":[{"href":"https:\/\/spvgg-goldkronach.com\/1946\/wp-json\/wp\/v2\/media?parent=4352"}],"curies":[{"name":"wp","href":"https:\/\/api.w.org\/{rel}","templated":true}]}}