{"id":2897,"date":"2014-04-17T15:12:17","date_gmt":"2014-04-17T13:12:17","guid":{"rendered":"http:\/\/spvgg-goldkronach.com\/1946\/?page_id=2897"},"modified":"2019-08-28T18:11:55","modified_gmt":"2019-08-28T16:11:55","slug":"quick-fit","status":"publish","type":"page","link":"https:\/\/spvgg-goldkronach.com\/1946\/quick-fit\/","title":{"rendered":"Quick Fit"},"content":{"rendered":"<div id=\"attachment_2741\" style=\"width: 273px\" class=\"wp-caption alignleft\"><img loading=\"lazy\" decoding=\"async\" aria-describedby=\"caption-attachment-2741\" class=\"wp-image-2741 size-full\" title=\"QuickFit bei der SpVgg Goldkronach\" src=\"https:\/\/spvgg-goldkronach.com\/1946\/wp-content\/uploads\/2014\/01\/quickfit.jpg\" alt=\"QuickFit bei der SpVgg Goldkronach\" width=\"263\" height=\"220\" \/><p id=\"caption-attachment-2741\" class=\"wp-caption-text\">QuickFit bei der SpVgg Goldkronach!<\/p><\/div>\n<p><strong>Mit Quickfit kr\u00e4ftigen Sie in kurzer Zeit alle wichtigen Muskeln Ihres K\u00f6rpers \u2013 das macht Sie fit f\u00fcr den Alltag! Nach dem Vorbild von maxxF, einem an der Universit\u00e4t Bayreuth entwickelten und wissenschaftlich erprobten Fitness-Programm, bieten wir Ihnen Krafttraining mit dem eigenen K\u00f6rpergewicht!<\/strong><\/p>\n<p>Geeignet ist das Programm f\u00fcr Jung und Alt, f\u00fcr M\u00e4nner und Frauen, Anf\u00e4nger und Fortgeschrittene \u2013 also f\u00fcr alle! Die einzelnen \u00dcbungen k\u00f6nnen in verschiedenen Schwierigkeitsstufen durchgef\u00fchrt werden, so dass jeder mithalten kann und gleichzeitig hinreichend gefordert ist. Eine Einheit dauert ca. eine Stunde einschlie\u00dflich ausf\u00fchrlicher Dehn\u00fcbungen. Alles, was Sie brauchen, ist eine kleine Gymnastikmatte und Lust am Ausprobieren!<\/p>\n<p>Der Kurs findet unter der fachkundigen Anleitung von Nadine Wachsmut, Diplom-Sport\u00f6konomin mit Schwerpunkt Sportmedizin und Sportphysiologie, statt.<\/p>\n<p><a href=\"https:\/\/spvgg-goldkronach.com\/1946\/2019\/08\/jetzt-anmelden-neuer-quickfit-kurs-ab-oktober\/\"><strong>Aktueller Kurs im Herbst 2019: Hier klicken!<\/strong><\/a><\/p>\n","protected":false},"excerpt":{"rendered":"<p>Mit Quickfit kr\u00e4ftigen Sie in kurzer Zeit alle wichtigen Muskeln Ihres K\u00f6rpers \u2013 das macht Sie fit f\u00fcr den Alltag! Nach dem Vorbild von maxxF, einem an der Universit\u00e4t Bayreuth entwickelten und wissenschaftlich erprobten Fitness-Programm, bieten wir Ihnen Krafttraining mit dem eigenen K\u00f6rpergewicht! Geeignet ist das Programm f\u00fcr Jung und Alt, f\u00fcr M\u00e4nner und Frauen, [&hellip;]<\/p>\n","protected":false},"author":1,"featured_media":0,"parent":0,"menu_order":0,"comment_status":"closed","ping_status":"closed","template":"","meta":{"footnotes":""},"class_list":["post-2897","page","type-page","status-publish","hentry"],"_links":{"self":[{"href":"https:\/\/spvgg-goldkronach.com\/1946\/wp-json\/wp\/v2\/pages\/2897","targetHints":{"allow":["GET"]}}],"collection":[{"href":"https:\/\/spvgg-goldkronach.com\/1946\/wp-json\/wp\/v2\/pages"}],"about":[{"href":"https:\/\/spvgg-goldkronach.com\/1946\/wp-json\/wp\/v2\/types\/page"}],"author":[{"embeddable":true,"href":"https:\/\/spvgg-goldkronach.com\/1946\/wp-json\/wp\/v2\/users\/1"}],"replies":[{"embeddable":true,"href":"https:\/\/spvgg-goldkronach.com\/1946\/wp-json\/wp\/v2\/comments?post=2897"}],"version-history":[{"count":15,"href":"https:\/\/spvgg-goldkronach.com\/1946\/wp-json\/wp\/v2\/pages\/2897\/revisions"}],"predecessor-version":[{"id":6516,"href":"https:\/\/spvgg-goldkronach.com\/1946\/wp-json\/wp\/v2\/pages\/2897\/revisions\/6516"}],"wp:attachment":[{"href":"https:\/\/spvgg-goldkronach.com\/1946\/wp-json\/wp\/v2\/media?parent=2897"}],"curies":[{"name":"wp","href":"https:\/\/api.w.org\/{rel}","templated":true}]}}